{"id":14,"date":"2018-10-16T10:57:32","date_gmt":"2018-10-16T13:57:32","guid":{"rendered":"http:\/\/www.alinek.com.br\/site\/?page_id=14"},"modified":"2019-11-07T13:41:11","modified_gmt":"2019-11-07T16:41:11","slug":"equipe","status":"publish","type":"page","link":"http:\/\/www.alinek.com.br\/site\/equipe\/","title":{"rendered":"Equipe"},"content":{"rendered":"<div id='av_section_1' class='avia-section main_color avia-section-default avia-no-border-styling avia-bg-style-scroll  avia-builder-el-0  el_before_av_section  avia-builder-el-first   container_wrap fullsize' style=' '  ><div class='container' ><main  role=\"main\" itemprop=\"mainContentOfPage\"  class='template-page content  av-content-full alpha units'><div class='post-entry post-entry-type-page post-entry-14'><div class='entry-content-wrapper clearfix'>\n<div class=\"flex_column av_one_full  flex_column_div av-zero-column-padding first  avia-builder-el-1  el_before_av_two_third  avia-builder-el-first  \" style='border-radius:0px; '><div class='avia-image-container  av-styling-    avia-builder-el-2  avia-builder-el-no-sibling   avia-align-center '  itemprop=\"image\" itemscope=\"itemscope\" itemtype=\"https:\/\/schema.org\/ImageObject\"  ><div class='avia-image-container-inner'><div class='avia-image-overlay-wrap'><img class='avia_image' src='http:\/\/www.alinek.com.br\/site\/wp-content\/uploads\/2019\/11\/0064.jpg' alt='' title='0064' height=\"1376\" width=\"2064\"  itemprop=\"thumbnailUrl\"  \/><\/div><\/div><\/div><\/div><div class=\"flex_column av_two_third  av-animated-generic bottom-to-top  flex_column_div av-zero-column-padding first  avia-builder-el-3  el_after_av_one_full  el_before_av_one_third   column-top-margin\" style='border-radius:0px; '><p><div style='padding-bottom:10px; ' class='av-special-heading av-special-heading-h2  blockquote modern-quote  avia-builder-el-4  el_before_av_textblock  avia-builder-el-first   '><h2 class='av-special-heading-tag '  itemprop=\"headline\"  ><b>Dra. Aline Kolling<\/b><\/h2><div class ='av-subheading av-subheading_below  ' style='font-size:15px;'><p>CRO-SC 14197<\/p>\n<\/div><div class='special-heading-border'><div class='special-heading-inner-border' ><\/div><\/div><\/div><br \/>\n<section class=\"av_textblock_section \"  itemscope=\"itemscope\" itemtype=\"https:\/\/schema.org\/CreativeWork\" ><div class='avia_textblock  '   itemprop=\"text\" ><p>A Dra. Aline Kolling apresenta uma proposta diferenciada de atendimento ao paciente, disponibiliza de um consult\u00f3rio aconchegante e moderno para atender seus pacientes com carinho e tranquilidade. Tudo foi planejado minuciosamente para atender todas as necessidades de seus queridos pacientes.<\/p>\n<p>A Dra. Aline Kolling \u00e9 natural de Santa Cruz do Sul, Rio Grande do Sul, mas grande parte de sua forma\u00e7\u00e3o foi em Porto Alegre, onde se dedicou a aprender novas t\u00e9cnicas de Odontopediatria e Ortodontia.<\/p>\n<ul>\n<li>Cirurgi\u00e3-dentista graduada em Odontologia pela\u00a0<a class=\"texto\" href=\"http:\/\/www.unisc.br\/\" target=\"_blank\" rel=\"noopener noreferrer\">UNISC \u2013 Universidade de Santa Cruz do Sul \u2013 RS &#8211;\u00a0<\/a><a class=\"texto\" href=\"http:\/\/www.cfo.org.br\/\" target=\"_blank\" rel=\"noopener noreferrer\">www.cfo.org.br<\/a><\/li>\n<li>Especialista em Odontopediatria pela\u00a0<a class=\"texto\" href=\"http:\/\/www.ulbra.br\/\" target=\"_blank\" rel=\"noopener noreferrer\">ULBRA \u2013 Universidade Luterana do Brasil \u2013 Campus Canoas \u2013 RS<\/a><\/li>\n<li>Especialista em Ortodontia pela\u00a0<a class=\"texto\" href=\"http:\/\/www.agor.com.br\/\" target=\"_blank\" rel=\"noopener noreferrer\">AGOR \u2013 P\u00f3s-gradua\u00e7\u00e3o em Odontologia<\/a><\/li>\n<li>Credenciada no Sistema Lingual \u2013 Curso de Excel\u00eancia em Ortodontia Lingual<\/li>\n<li>Credenciada do\u00a0<a class=\"texto\" href=\"http:\/\/www.invisalign.com.br\/\" target=\"_blank\" rel=\"noopener noreferrer\">Invisalign<\/a><\/li>\n<li>Credenciada do\u00a0<a class=\"texto\" href=\"http:\/\/www.dentsply.com.br\/hotsite\/essix\" target=\"_blank\" rel=\"noopener noreferrer\">Sistema Essix Clear Aligner<\/a><\/li>\n<li>Credenciada do\u00a0<a class=\"texto\" href=\"http:\/\/www.dentistadosono.com.br\/\" target=\"_blank\" rel=\"noopener noreferrer\">Tratamento do Ronco e Apneia do Sono<\/a><\/li>\n<li>Capacita\u00e7\u00e3o para Atendimento Odontol\u00f3gico \u00e0 Pessoas com Defici\u00eancia e Necessidades Especiais \u2013\u00a0<a class=\"texto\" href=\"http:\/\/www.faders.rs.gov.br\/\" target=\"_blank\" rel=\"noopener noreferrer\">FADERS \u2013 Funda\u00e7\u00e3o de Articula\u00e7\u00e3o e Desenvolvimento de Pol\u00edticas P\u00fablicas para Pessoas Portadoras de Defici\u00eancias e de Altas Habilidades no Rio Grande do Sul<\/a><\/li>\n<li>Curso \u201cEstrat\u00e9gias de Promo\u00e7\u00e3o de Sa\u00fade e Qualidade de Vida em Odontopediatria\u201d<\/li>\n<\/ul>\n<p>Entre em contato com a Dra. Aline pelo e-mail\u00a0<a class=\"texto\" href=\"mailto:aline@alinek.com.br\">aline@alinek.com.br<\/a><\/p>\n<\/div><\/section><\/p><\/div><div class=\"flex_column av_one_third  av-animated-generic pop-up  flex_column_div av-zero-column-padding   avia-builder-el-6  el_after_av_two_third  avia-builder-el-last   column-top-margin\" style='border-radius:0px; '><div class='avia-image-container  av-styling-    avia-builder-el-7  avia-builder-el-no-sibling   avia-align-center '  itemprop=\"image\" itemscope=\"itemscope\" itemtype=\"https:\/\/schema.org\/ImageObject\"  ><div class='avia-image-container-inner'><div class='avia-image-overlay-wrap'><img class='avia_image' src='http:\/\/www.alinek.com.br\/site\/wp-content\/uploads\/2019\/11\/0096-687x1030.jpg' alt='' title='0096' height=\"1030\" width=\"687\"  itemprop=\"thumbnailUrl\"  \/><\/div><\/div><\/div><\/div>\n\n<\/div><\/div><\/main><!-- close content main element --><\/div><\/div><div id='av_section_2' class='avia-section main_color avia-section-default avia-no-border-styling avia-bg-style-scroll  avia-builder-el-8  el_after_av_section  el_before_av_section   container_wrap fullsize' style=' '  ><div class='container' ><div class='template-page content  av-content-full alpha units'><div class='post-entry post-entry-type-page post-entry-14'><div class='entry-content-wrapper clearfix'>\n<div class=\"flex_column av_one_third  av-animated-generic pop-up  flex_column_div av-zero-column-padding first  avia-builder-el-9  el_before_av_two_third  avia-builder-el-first   \" style='border-radius:0px; '><div class='avia-image-container  av-styling-    avia-builder-el-10  avia-builder-el-no-sibling   avia-align-center '  itemprop=\"image\" itemscope=\"itemscope\" itemtype=\"https:\/\/schema.org\/ImageObject\"  ><div class='avia-image-container-inner'><div class='avia-image-overlay-wrap'><img class='avia_image' src='http:\/\/www.alinek.com.br\/site\/wp-content\/uploads\/2019\/11\/0021-687x1030.jpg' alt='' title='0021' height=\"1030\" width=\"687\"  itemprop=\"thumbnailUrl\"  \/><\/div><\/div><\/div><\/div><div class=\"flex_column av_two_third  av-animated-generic bottom-to-top  flex_column_div av-zero-column-padding   avia-builder-el-11  el_after_av_one_third  avia-builder-el-last   \" style='border-radius:0px; '><p><div style='padding-bottom:10px; ' class='av-special-heading av-special-heading-h2  blockquote modern-quote  avia-builder-el-12  el_before_av_textblock  avia-builder-el-first   '><h2 class='av-special-heading-tag '  itemprop=\"headline\"  ><b>Dr. Alisson Sampaio<\/b><\/h2><div class ='av-subheading av-subheading_below  ' style='font-size:15px;'><p>CRO-SC 13162<\/p>\n<\/div><div class='special-heading-border'><div class='special-heading-inner-border' ><\/div><\/div><\/div><br \/>\n<section class=\"av_textblock_section \"  itemscope=\"itemscope\" itemtype=\"https:\/\/schema.org\/CreativeWork\" ><div class='avia_textblock  '   itemprop=\"text\" ><ul>\n<li>Cirurgi\u00e3o Dentista graduado em Odontologia pela UNISUL &#8211; Universidade do Sul de Santa Cataria<\/li>\n<li>Especialista em Implantodontia pela UNISUL &#8211; Universidade do Sul de Santa Catarina<\/li>\n<li>P\u00f3s Graduado em Implantodontia pela UFSC &#8211; Universidade Federal de Santa Catarina<\/li>\n<li>P\u00f3s Graduado em Cirurgia Avan\u00e7ada em Implantodontia pela ABCD &#8211; Associa\u00e7\u00e3o Brasileira de Cirurgi\u00f5es Dentistas<\/li>\n<li>P\u00f3s Graduado em Periodontia &#038; Pr\u00f3tese pela UNISUL &#8211;\u00a0Universidade do Sul de Santa Catarina<\/li>\n<li>P\u00f3s Graduado em Pr\u00f3tese pela UNISUL &#8211;\u00a0Universidade do Sul de Santa Catarina<\/li>\n<li>P\u00f3s Graduado em Endodontia Mecanizada pela CESC Uning\u00e1<\/li>\n<li>P\u00f3s Graduado em Dent\u00edstica pela IOA &#8211; Instituto Odontol\u00f3gicos das Am\u00e9ricas<\/li>\n<li>Curso de Imers\u00e3o em Lentes de contato pela Zenith<\/li>\n<li>Curso de Imers\u00e3o em Lentes de contato pela CESC Uning\u00e1<\/li>\n<\/ul>\n<\/div><\/section><\/p><\/div><\/div><\/div><\/div><!-- close content main div --><\/div><\/div><div id='av_section_3' class='avia-section main_color avia-section-default avia-no-border-styling avia-bg-style-scroll  avia-builder-el-14  el_after_av_section  avia-builder-el-last   container_wrap fullsize' style=' '  ><div class='container' ><div class='template-page content  av-content-full alpha units'><div class='post-entry post-entry-type-page post-entry-14'><div class='entry-content-wrapper clearfix'>\n<div class=\"flex_column av_two_third  av-animated-generic bottom-to-top  flex_column_div av-zero-column-padding first  avia-builder-el-15  el_before_av_one_third  avia-builder-el-first   \" style='border-radius:0px; '><p><div style='padding-bottom:10px; ' class='av-special-heading av-special-heading-h2  blockquote modern-quote  avia-builder-el-16  el_before_av_textblock  avia-builder-el-first   '><h2 class='av-special-heading-tag '  itemprop=\"headline\"  ><b>Dra. Dandara Medeiros Teixeira<\/b><\/h2><div class ='av-subheading av-subheading_below  ' style='font-size:15px;'><p>CRO-SC 11499<\/p>\n<\/div><div class='special-heading-border'><div class='special-heading-inner-border' ><\/div><\/div><\/div><br \/>\n<section class=\"av_textblock_section \"  itemscope=\"itemscope\" itemtype=\"https:\/\/schema.org\/CreativeWork\" ><div class='avia_textblock  '   itemprop=\"text\" ><ul>\n<li>Cirurgi\u00e3-Dentista graduada em Odontologia pela UNISUL &#8211; Universidade do Sul de Santa Catarina<\/li>\n<li>Especialista em Dent\u00edstica Restauradora pela ABO\/SC Associa\u00e7\u00e3o Brasileira de Odontologia<\/li>\n<li>P\u00f3s graduada em Implantodontia pela UFSC &#8211; Universidade Federal de Santa Catarina<\/li>\n<li>P\u00f3s graduada em Pr\u00f3tese sobre Implante pela UFSC &#8211; Universidade Federal de Santa Catarina<\/li>\n<\/ul>\n<\/div><\/section><\/p><\/div><div class=\"flex_column av_one_third  av-animated-generic pop-up  flex_column_div av-zero-column-padding   avia-builder-el-18  el_after_av_two_third  avia-builder-el-last   \" style='border-radius:0px; '><div class='avia-image-container  av-styling-    avia-builder-el-19  avia-builder-el-no-sibling   avia-align-center '  itemprop=\"image\" itemscope=\"itemscope\" itemtype=\"https:\/\/schema.org\/ImageObject\"  ><div class='avia-image-container-inner'><div class='avia-image-overlay-wrap'><img class='avia_image' src='http:\/\/www.alinek.com.br\/site\/wp-content\/uploads\/2019\/11\/0117-687x1030.jpg' alt='' title='0117' height=\"1030\" width=\"687\"  itemprop=\"thumbnailUrl\"  \/><\/div><\/div><\/div><\/div><\/p>\n","protected":false},"excerpt":{"rendered":"","protected":false},"author":1,"featured_media":0,"parent":0,"menu_order":0,"comment_status":"closed","ping_status":"closed","template":"","meta":[],"_links":{"self":[{"href":"http:\/\/www.alinek.com.br\/site\/wp-json\/wp\/v2\/pages\/14"}],"collection":[{"href":"http:\/\/www.alinek.com.br\/site\/wp-json\/wp\/v2\/pages"}],"about":[{"href":"http:\/\/www.alinek.com.br\/site\/wp-json\/wp\/v2\/types\/page"}],"author":[{"embeddable":true,"href":"http:\/\/www.alinek.com.br\/site\/wp-json\/wp\/v2\/users\/1"}],"replies":[{"embeddable":true,"href":"http:\/\/www.alinek.com.br\/site\/wp-json\/wp\/v2\/comments?post=14"}],"version-history":[{"count":7,"href":"http:\/\/www.alinek.com.br\/site\/wp-json\/wp\/v2\/pages\/14\/revisions"}],"predecessor-version":[{"id":290,"href":"http:\/\/www.alinek.com.br\/site\/wp-json\/wp\/v2\/pages\/14\/revisions\/290"}],"wp:attachment":[{"href":"http:\/\/www.alinek.com.br\/site\/wp-json\/wp\/v2\/media?parent=14"}],"curies":[{"name":"wp","href":"https:\/\/api.w.org\/{rel}","templated":true}]}}