{"id":16,"date":"2018-10-16T10:57:56","date_gmt":"2018-10-16T13:57:56","guid":{"rendered":"http:\/\/www.alinek.com.br\/site\/?page_id=16"},"modified":"2019-11-07T15:10:52","modified_gmt":"2019-11-07T18:10:52","slug":"diferenciais","status":"publish","type":"page","link":"http:\/\/www.alinek.com.br\/site\/diferenciais\/","title":{"rendered":"Diferenciais"},"content":{"rendered":"<div style='padding-bottom:10px; ' class='av-special-heading av-special-heading-h2  blockquote modern-quote  avia-builder-el-0  el_before_av_one_half  avia-builder-el-first   '><h2 class='av-special-heading-tag '  itemprop=\"headline\"  ><B>Saiba por que somos diferentes!<\/b><\/h2><div class='special-heading-border'><div class='special-heading-inner-border' ><\/div><\/div><\/div>\n<div class=\"flex_column av_one_half  flex_column_div av-zero-column-padding first  avia-builder-el-1  el_after_av_heading  el_before_av_one_half  \" style='border-radius:0px; '><section class=\"av_textblock_section \"  itemscope=\"itemscope\" itemtype=\"https:\/\/schema.org\/CreativeWork\" ><div class='avia_textblock  '   itemprop=\"text\" ><ul>\n<li><strong>Qualifica\u00e7\u00e3o Profissional<\/strong>: A escolha do dentista \u00e9 uma decis\u00e3o muito importante que vai ter um efeito no resto da sua vida. O bom profissional consegue os melhores resultados no menor tempo de tratamento. A Dra. Aline participa constantemente de congressos para aprofundar seus conhecimentos e oferecer o que h\u00e1 de melhor e mais atual em Odontopediatria e Ortodontia, assim como, nos demais tratamentos para a Est\u00e9tica do Sorriso. O profissional qualificado est\u00e1 atualizado com as novidades cient\u00edficas e executa o melhor planejamento para cada caso. Os preju\u00edzos de um tratamento mal conduzido podem ser graves e irrepar\u00e1veis, tais como extra\u00e7\u00f5es desnecess\u00e1rias e reabsor\u00e7\u00f5es das ra\u00edzes dos dentes.<\/li>\n<li><strong>Conceito Inovador<\/strong>: Nosso consult\u00f3rio pratica a Odontopediatria e Ortodontia que promove tratamentos r\u00e1pidos, discretos e confort\u00e1veis, pois analisa individualmente cada caso. O acompanhamento constante da evolu\u00e7\u00e3o tecnol\u00f3gica e cientifica garante que a busca pelo seu sorriso perfeito seja conquistado de forma pr\u00e1tica, eficaz e previs\u00edvel possibilitando os melhores resultados para cada caso.<\/li>\n<\/ul>\n<\/div><\/section><\/div>\n<div class=\"flex_column av_one_half  av-animated-generic right-to-left  flex_column_div av-zero-column-padding   avia-builder-el-3  el_after_av_one_half  el_before_av_one_full   \" style='border-radius:0px; '><div class='avia-image-container  av-styling-    avia-builder-el-4  avia-builder-el-no-sibling   avia-align-center '  itemprop=\"image\" itemscope=\"itemscope\" itemtype=\"https:\/\/schema.org\/ImageObject\"  ><div class='avia-image-container-inner'><div class='avia-image-overlay-wrap'><img class='avia_image' src='http:\/\/www.alinek.com.br\/site\/wp-content\/uploads\/2019\/11\/0216-1030x687.jpg' alt='' title='0216' height=\"687\" width=\"1030\"  itemprop=\"thumbnailUrl\"  \/><\/div><\/div><\/div><\/div><div class=\"flex_column av_one_full  av-animated-generic left-to-right  flex_column_div av-zero-column-padding first  avia-builder-el-5  el_after_av_one_half  el_before_av_heading   column-top-margin\" style='border-radius:0px; '><section class=\"av_textblock_section \"  itemscope=\"itemscope\" itemtype=\"https:\/\/schema.org\/CreativeWork\" ><div class='avia_textblock  '   itemprop=\"text\" ><ul>\n<li><strong>Material Cl\u00ednico<\/strong>: A qualidade do material utilizado nos tratamentos \u00e9 fundamental para a efici\u00eancia do mesmo, pois influencia diretamente no resultado dos procedimentos executados. Ao optar por Aline Kolling Odontopediatria &#038; Ortodontia tenha certeza que utilizamos materiais de \u00f3tima qualidade para garantir sua satisfa\u00e7\u00e3o e seguran\u00e7a.<\/li>\n<li><strong>Atendimento<\/strong>: Estamos sempre em busca pela excel\u00eancia em atendimento, estamos constantemente treinando nossa equipe para oferecer efici\u00eancia e o mais cordial atendimento.<\/li>\n<li><strong>Tempo<\/strong>: Otimizamos seu tempo no agendamento das consultas flexibilizando hor\u00e1rios que fiquem adequados \u00e0 sua rotina.<\/li>\n<li><strong>Pontualidade<\/strong>: Cumprimos o hor\u00e1rio agendado reservando seu tempo de consulta exclusivamente para voc\u00ea.<\/li>\n<li><strong>Estacionamento<\/strong>: Somos conveniados ao estacionamento ao lado do consult\u00f3rio para dar mais conforto e facilidade para voc\u00ea.<\/li>\n<li><strong><img decoding=\"async\" loading=\"lazy\" class=\"size-full wp-image-161 alignright\" src=\"http:\/\/www.alinek.com.br\/site\/wp-content\/uploads\/2018\/10\/ester.png\" alt=\"\" width=\"254\" height=\"254\" srcset=\"http:\/\/www.alinek.com.br\/site\/wp-content\/uploads\/2018\/10\/ester.png 254w, http:\/\/www.alinek.com.br\/site\/wp-content\/uploads\/2018\/10\/ester-80x80.png 80w, http:\/\/www.alinek.com.br\/site\/wp-content\/uploads\/2018\/10\/ester-36x36.png 36w, http:\/\/www.alinek.com.br\/site\/wp-content\/uploads\/2018\/10\/ester-180x180.png 180w, http:\/\/www.alinek.com.br\/site\/wp-content\/uploads\/2018\/10\/ester-120x120.png 120w\" sizes=\"(max-width: 254px) 100vw, 254px\" \/>Biosseguran\u00e7a<\/strong>: Biosseguran\u00e7a \u00e9 o conjunto de procedimentos que evitam o cont\u00e1gio de bact\u00e9rias e microorganismos entre os pacientes de um hospital ou consult\u00f3rio. A manuten\u00e7\u00e3o di\u00e1ria do ambiente cl\u00ednico \u00e9 necess\u00e1ria para garantir a sa\u00fade de todos.<br \/>\nTemos uma grande preocupa\u00e7\u00e3o com a biosseguran\u00e7a de nossos pacientes. Em nossas atividades, utilizamos materiais descart\u00e1veis e todos instrumentais s\u00e3o lavados com detergente enzim\u00e1tico em cuba ultrass\u00f4nica e desinfetados com l\u00edquidos desincrustrantes, ap\u00f3s s\u00e3o secos e embalados com papel grau cir\u00fargico e ent\u00e3o passam pelo ciclo de esteriliza\u00e7\u00e3o em Autoclave calibrada e aprovada pelo INMETRO.<\/p>\n<p>As superf\u00edcies gerais s\u00e3o desinfetadas com produtos qu\u00edmicos espec\u00edficos (assepsia com \u00e1lcool 70%) e as normas da Ag\u00eancia Nacional de Vigil\u00e2ncia Sanit\u00e1ria (ANVISA) s\u00e3o devidamente seguidas em nosso ambiente cl\u00ednico.<\/p>\n<p>Todos os profissionais utilizam EPI (equipamento de prote\u00e7\u00e3o individual) completo: touca, \u00f3culos de prote\u00e7\u00e3o, m\u00e1scara, jaleco e luvas de procedimento. Nos consult\u00f3rios s\u00e3o utilizadas barreiras de prote\u00e7\u00e3o nos equipamentos. Possu\u00edmos uma esterilizadora ultra r\u00e1pida que promove a destrui\u00e7\u00e3o total das bact\u00e9rias por oxida\u00e7\u00e3o celular em apenas 1 minuto a temperatura de 350\u00ba (REGISTRO ANVISA N. 80511600003).<\/li>\n<\/ul>\n<\/div><\/section><\/div><\/p>\n<div style='padding-bottom:10px; ' class='av-special-heading av-special-heading-h3    avia-builder-el-7  el_after_av_one_full  el_before_av_textblock   '><h3 class='av-special-heading-tag '  itemprop=\"headline\"  ><b>Valores<\/b><\/h3><div class='special-heading-border'><div class='special-heading-inner-border' ><\/div><\/div><\/div>\n<section class=\"av_textblock_section \"  itemscope=\"itemscope\" itemtype=\"https:\/\/schema.org\/CreativeWork\" ><div class='avia_textblock  '   itemprop=\"text\" ><ul>\n<li class=\"diferenciais\">O consult\u00f3rio Aline Kolling Odontopediatria &#038; Ortodontia busca perfeccionismo em todos os procedimentos executados, lutando pela extrema qualidade, excel\u00eancia e aten\u00e7\u00e3o aos detalhes em todos os trabalhos que executa.<\/li>\n<li class=\"diferenciais\">O\u00a0<strong>comprometimento<\/strong>\u00a0de fazer o que foi combinado e se esfor\u00e7ar para ir al\u00e9m do esperado faz parte dos valores do nosso consult\u00f3rio.<\/li>\n<li class=\"diferenciais\"><strong>Honestidade<\/strong>, ser verdadeiro, n\u00e3o mentir e n\u00e3o enganar est\u00e1 nos nossos princ\u00edpios.<\/li>\n<li class=\"diferenciais\">Valorizamos o pensar diferente com\u00a0<strong>ousadia<\/strong>, com o objetivo de atingir excel\u00eancia nos resultados sempre em busca de inovar.<\/li>\n<li class=\"diferenciais\">Ter\u00a0<strong>zelo<\/strong>\u00a0por pessoas e cuidado com instrumentais, materiais e equipamentos usados nos procedimentos.<\/li>\n<li class=\"diferenciais\"><strong>Respeito<\/strong>\u00a0em toda e qualquer situa\u00e7\u00e3o, sempre tratar as pessoas com cordialidade e educa\u00e7\u00e3o.<\/li>\n<li class=\"diferenciais\">Acreditar que todos da equipe est\u00e3o engajados e ter\u00a0<strong>confian\u00e7a<\/strong>\u00a0de que est\u00e3o cumprindo as fun\u00e7\u00f5es que lhes foram designadas.<\/li>\n<\/ul>\n<\/div><\/section>\n","protected":false},"excerpt":{"rendered":"","protected":false},"author":1,"featured_media":0,"parent":0,"menu_order":0,"comment_status":"closed","ping_status":"closed","template":"","meta":[],"_links":{"self":[{"href":"http:\/\/www.alinek.com.br\/site\/wp-json\/wp\/v2\/pages\/16"}],"collection":[{"href":"http:\/\/www.alinek.com.br\/site\/wp-json\/wp\/v2\/pages"}],"about":[{"href":"http:\/\/www.alinek.com.br\/site\/wp-json\/wp\/v2\/types\/page"}],"author":[{"embeddable":true,"href":"http:\/\/www.alinek.com.br\/site\/wp-json\/wp\/v2\/users\/1"}],"replies":[{"embeddable":true,"href":"http:\/\/www.alinek.com.br\/site\/wp-json\/wp\/v2\/comments?post=16"}],"version-history":[{"count":7,"href":"http:\/\/www.alinek.com.br\/site\/wp-json\/wp\/v2\/pages\/16\/revisions"}],"predecessor-version":[{"id":301,"href":"http:\/\/www.alinek.com.br\/site\/wp-json\/wp\/v2\/pages\/16\/revisions\/301"}],"wp:attachment":[{"href":"http:\/\/www.alinek.com.br\/site\/wp-json\/wp\/v2\/media?parent=16"}],"curies":[{"name":"wp","href":"https:\/\/api.w.org\/{rel}","templated":true}]}}