{"id":18,"date":"2018-10-16T10:58:20","date_gmt":"2018-10-16T13:58:20","guid":{"rendered":"http:\/\/www.alinek.com.br\/site\/?page_id=18"},"modified":"2018-10-29T19:29:44","modified_gmt":"2018-10-29T22:29:44","slug":"o-consultorio","status":"publish","type":"page","link":"http:\/\/www.alinek.com.br\/site\/o-consultorio\/","title":{"rendered":"O Consult\u00f3rio"},"content":{"rendered":"<div style='padding-bottom:10px; ' class='av-special-heading av-special-heading-h3  blockquote modern-quote  avia-builder-el-0  el_before_av_one_half  avia-builder-el-first   '><h3 class='av-special-heading-tag '  itemprop=\"headline\"  ><b>O Consult\u00f3rio<\/b><\/h3><div class='special-heading-border'><div class='special-heading-inner-border' ><\/div><\/div><\/div>\n<div class=\"flex_column av_one_half  av-animated-generic bottom-to-top  flex_column_div av-zero-column-padding first  avia-builder-el-1  el_after_av_heading  el_before_av_one_half   \" style='border-radius:0px; '><section class=\"av_textblock_section \"  itemscope=\"itemscope\" itemtype=\"https:\/\/schema.org\/CreativeWork\" ><div class='avia_textblock  '   itemprop=\"text\" ><p>Planejamos um consult\u00f3rio com uma riqueza imensa de detalhes para receber nossos pacientes e cuidar especialmente do seu sorriso.<\/p>\n<p>Contamos com t\u00e9cnicas e equipamentos de \u00faltima gera\u00e7\u00e3o para garantir aos nossos pacientes tratamentos mais r\u00e1pidos e eficientes. Nossos profissionais s\u00e3o altamente qualificados e oferecemos um atendimento personalizado.<\/p>\n<p>Nosso ambiente foi preparado para que voc\u00ea se sinta confort\u00e1vel e desfrute do aconchego das nossas salas climatizadas. Disponibilizamos uma rede wifi para nosso paciente navegar enquanto desfruta do nosso espa\u00e7o.<\/p>\n<p>Nossa cadeira odontol\u00f3gica possui DVD para que nosso paciente possa se distrair e apreciar belas paisagens, filmes e shows enquanto executamos o atendimento.<\/p>\n<p>Estamos em \u00f3tima localiza\u00e7\u00e3o que lhe prop\u00f5e um f\u00e1cil acesso. Somos conveniados com o estacionamento ao lado do consult\u00f3rio sendo gratuito para voc\u00ea.<\/p>\n<p>Aguardamos sua visita!<\/p>\n<\/div><\/section><\/div><div class=\"flex_column av_one_half  av-animated-generic fade-in  flex_column_div av-zero-column-padding   avia-builder-el-3  el_after_av_one_half  el_before_av_heading   \" style='border-radius:0px; '><div  data-size='masonry'  data-lightbox_size='large'  data-animation='slide'  data-conditional_play=''  data-ids='145,147,156'  data-video_counter='0'  data-autoplay='true'  data-bg_slider='false'  data-slide_height=''  data-handle='av_slideshow'  data-interval='4'  data-class=' avia-builder-el-4  avia-builder-el-no-sibling   '  data-css_id=''  data-scroll_down=''  data-control_layout='av-control-default'  data-custom_markup=''  data-perma_caption=''  data-autoplay_stopper=''  data-image_attachment=''  data-min_height='0px'  data-default-height='100'  class='avia-slideshow avia-slideshow-1  av-control-default av-default-height-applied avia-slideshow-masonry av_slideshow  avia-builder-el-4  avia-builder-el-no-sibling    avia-slide-slider '  itemprop=\"image\" itemscope=\"itemscope\" itemtype=\"https:\/\/schema.org\/ImageObject\" ><ul class='avia-slideshow-inner ' style='padding-bottom: 66.666666666667%;' ><li  class=' slide-1 ' ><div data-rel='slideshow-1' class='avia-slide-wrap '   ><img src='http:\/\/www.alinek.com.br\/site\/wp-content\/uploads\/2018\/10\/f1-705x470.jpg' width='705' height='470' title='f1' alt=''  itemprop=\"thumbnailUrl\"   \/><\/div><\/li><li  class=' slide-2 ' ><div data-rel='slideshow-1' class='avia-slide-wrap '   ><img src='http:\/\/www.alinek.com.br\/site\/wp-content\/uploads\/2018\/10\/f3-705x470.jpg' width='705' height='470' title='f3' alt=''  itemprop=\"thumbnailUrl\"   \/><\/div><\/li><li  class=' slide-3 ' ><div data-rel='slideshow-1' class='avia-slide-wrap '   ><img src='http:\/\/www.alinek.com.br\/site\/wp-content\/uploads\/2018\/10\/f14-705x470.jpg' width='705' height='470' title='f14' alt=''  itemprop=\"thumbnailUrl\"   \/><\/div><\/li><\/ul><div class='avia-slideshow-arrows avia-slideshow-controls'><a href='#prev' class='prev-slide' aria-hidden='true' data-av_icon='\ue87c' data-av_iconfont='entypo-fontello'>Anterior<\/a><a href='#next' class='next-slide' aria-hidden='true' data-av_icon='\ue87d' data-av_iconfont='entypo-fontello'>Pr\u00f3ximo<\/a><\/div><div class='avia-slideshow-dots avia-slideshow-controls'><a href='#1' class='goto-slide active' >1<\/a><a href='#2' class='goto-slide ' >2<\/a><a href='#3' class='goto-slide ' >3<\/a><\/div><\/div><\/div><div style='padding-bottom:10px; ' class='av-special-heading av-special-heading-h3  blockquote modern-quote modern-centered  avia-builder-el-5  el_after_av_one_half  el_before_av_codeblock    av-medium-hide av-small-hide av-mini-hide'><h3 class='av-special-heading-tag '  itemprop=\"headline\"  ><b>Tour 360\u00ba<\/b><\/h3><div class='special-heading-border'><div class='special-heading-inner-border' ><\/div><\/div><\/div><\/p>\n\n<div style='padding-bottom:10px; ' class='av-special-heading av-special-heading-h3  blockquote modern-quote modern-centered  avia-builder-el-7  el_after_av_codeblock  el_before_av_one_full   '><h3 class='av-special-heading-tag '  itemprop=\"headline\"  ><b>Galeria de Fotos<\/b><\/h3><div class='special-heading-border'><div class='special-heading-inner-border' ><\/div><\/div><\/div>\n<div class=\"flex_column av_one_full  flex_column_div av-zero-column-padding first  avia-builder-el-8  el_after_av_heading  el_before_av_heading  \" style='border-radius:0px; '><div id='av-masonry-1' class='av-masonry  noHover av-fixed-size av-large-gap av-hover-overlay-active av-masonry-animation-active av-masonry-col-4 av-caption-always av-caption-style- av-masonry-gallery   av-orientation-square  '  ><div class='av-masonry-container isotope av-js-disabled ' ><div class='av-masonry-entry isotope-item av-masonry-item-no-image '><\/div><a href=\"http:\/\/www.alinek.com.br\/site\/wp-content\/uploads\/2018\/10\/f1.jpg\" id='av-masonry-1-item-145' data-av-masonry-item='145' class='av-masonry-entry isotope-item post-145 attachment type-attachment status-inherit hentry  av-masonry-item-with-image' title=\"f1\"  itemprop=\"thumbnailUrl\" ><div class='av-inner-masonry-sizer'><\/div><figure class='av-inner-masonry main_color'><div class=\"av-masonry-outerimage-container\"><div class=\"av-masonry-image-container\" style=\"background-image: url(http:\/\/www.alinek.com.br\/site\/wp-content\/uploads\/2018\/10\/f1-705x470.jpg);\" title=\"f1\" ><\/div><\/div><\/figure><\/a><!--end av-masonry entry--><a href=\"http:\/\/www.alinek.com.br\/site\/wp-content\/uploads\/2018\/10\/f2.jpg\" id='av-masonry-1-item-146' data-av-masonry-item='146' class='av-masonry-entry isotope-item post-146 attachment type-attachment status-inherit hentry  av-masonry-item-with-image' title=\"f2\"  itemprop=\"thumbnailUrl\" ><div class='av-inner-masonry-sizer'><\/div><figure class='av-inner-masonry main_color'><div class=\"av-masonry-outerimage-container\"><div class=\"av-masonry-image-container\" style=\"background-image: url(http:\/\/www.alinek.com.br\/site\/wp-content\/uploads\/2018\/10\/f2-705x470.jpg);\" title=\"f2\" ><\/div><\/div><\/figure><\/a><!--end av-masonry entry--><a href=\"http:\/\/www.alinek.com.br\/site\/wp-content\/uploads\/2018\/10\/f3.jpg\" id='av-masonry-1-item-147' data-av-masonry-item='147' class='av-masonry-entry isotope-item post-147 attachment type-attachment status-inherit hentry  av-masonry-item-with-image' title=\"f3\"  itemprop=\"thumbnailUrl\" ><div class='av-inner-masonry-sizer'><\/div><figure class='av-inner-masonry main_color'><div class=\"av-masonry-outerimage-container\"><div class=\"av-masonry-image-container\" style=\"background-image: url(http:\/\/www.alinek.com.br\/site\/wp-content\/uploads\/2018\/10\/f3-705x470.jpg);\" title=\"f3\" ><\/div><\/div><\/figure><\/a><!--end av-masonry entry--><a href=\"http:\/\/www.alinek.com.br\/site\/wp-content\/uploads\/2018\/10\/f4.jpg\" id='av-masonry-1-item-148' data-av-masonry-item='148' class='av-masonry-entry isotope-item post-148 attachment type-attachment status-inherit hentry  av-masonry-item-with-image' title=\"f4\"  itemprop=\"thumbnailUrl\" ><div class='av-inner-masonry-sizer'><\/div><figure class='av-inner-masonry main_color'><div class=\"av-masonry-outerimage-container\"><div class=\"av-masonry-image-container\" style=\"background-image: url(http:\/\/www.alinek.com.br\/site\/wp-content\/uploads\/2018\/10\/f4-705x470.jpg);\" title=\"f4\" ><\/div><\/div><\/figure><\/a><!--end av-masonry entry--><a href=\"http:\/\/www.alinek.com.br\/site\/wp-content\/uploads\/2018\/10\/f5.jpg\" id='av-masonry-1-item-149' data-av-masonry-item='149' class='av-masonry-entry isotope-item post-149 attachment type-attachment status-inherit hentry  av-masonry-item-with-image' title=\"f5\"  itemprop=\"thumbnailUrl\" ><div class='av-inner-masonry-sizer'><\/div><figure class='av-inner-masonry main_color'><div class=\"av-masonry-outerimage-container\"><div class=\"av-masonry-image-container\" style=\"background-image: url(http:\/\/www.alinek.com.br\/site\/wp-content\/uploads\/2018\/10\/f5-705x470.jpg);\" title=\"f5\" ><\/div><\/div><\/figure><\/a><!--end av-masonry entry--><a href=\"http:\/\/www.alinek.com.br\/site\/wp-content\/uploads\/2018\/10\/f6.jpg\" id='av-masonry-1-item-150' data-av-masonry-item='150' class='av-masonry-entry isotope-item post-150 attachment type-attachment status-inherit hentry  av-masonry-item-with-image' title=\"f6\"  itemprop=\"thumbnailUrl\" ><div class='av-inner-masonry-sizer'><\/div><figure class='av-inner-masonry main_color'><div class=\"av-masonry-outerimage-container\"><div class=\"av-masonry-image-container\" style=\"background-image: url(http:\/\/www.alinek.com.br\/site\/wp-content\/uploads\/2018\/10\/f6-470x705.jpg);\" title=\"f6\" ><\/div><\/div><\/figure><\/a><!--end av-masonry entry--><a href=\"http:\/\/www.alinek.com.br\/site\/wp-content\/uploads\/2018\/10\/f7.jpg\" id='av-masonry-1-item-151' data-av-masonry-item='151' class='av-masonry-entry isotope-item post-151 attachment type-attachment status-inherit hentry  av-masonry-item-with-image' title=\"f7\"  itemprop=\"thumbnailUrl\" ><div class='av-inner-masonry-sizer'><\/div><figure class='av-inner-masonry main_color'><div class=\"av-masonry-outerimage-container\"><div class=\"av-masonry-image-container\" style=\"background-image: url(http:\/\/www.alinek.com.br\/site\/wp-content\/uploads\/2018\/10\/f7-705x470.jpg);\" title=\"f7\" ><\/div><\/div><\/figure><\/a><!--end av-masonry entry--><a href=\"http:\/\/www.alinek.com.br\/site\/wp-content\/uploads\/2018\/10\/f8.jpg\" id='av-masonry-1-item-152' data-av-masonry-item='152' class='av-masonry-entry isotope-item post-152 attachment type-attachment status-inherit hentry  av-masonry-item-with-image' title=\"f8\"  itemprop=\"thumbnailUrl\" ><div class='av-inner-masonry-sizer'><\/div><figure class='av-inner-masonry main_color'><div class=\"av-masonry-outerimage-container\"><div class=\"av-masonry-image-container\" style=\"background-image: url(http:\/\/www.alinek.com.br\/site\/wp-content\/uploads\/2018\/10\/f8-470x705.jpg);\" title=\"f8\" ><\/div><\/div><\/figure><\/a><!--end av-masonry entry--><a href=\"http:\/\/www.alinek.com.br\/site\/wp-content\/uploads\/2018\/10\/f10.jpg\" id='av-masonry-1-item-153' data-av-masonry-item='153' class='av-masonry-entry isotope-item post-153 attachment type-attachment status-inherit hentry  av-masonry-item-with-image' title=\"f10\"  itemprop=\"thumbnailUrl\" ><div class='av-inner-masonry-sizer'><\/div><figure class='av-inner-masonry main_color'><div class=\"av-masonry-outerimage-container\"><div class=\"av-masonry-image-container\" style=\"background-image: url(http:\/\/www.alinek.com.br\/site\/wp-content\/uploads\/2018\/10\/f10-705x470.jpg);\" title=\"f10\" ><\/div><\/div><\/figure><\/a><!--end av-masonry entry--><a href=\"http:\/\/www.alinek.com.br\/site\/wp-content\/uploads\/2018\/10\/f11.jpg\" id='av-masonry-1-item-154' data-av-masonry-item='154' class='av-masonry-entry isotope-item post-154 attachment type-attachment status-inherit hentry  av-masonry-item-with-image' title=\"f11\"  itemprop=\"thumbnailUrl\" ><div class='av-inner-masonry-sizer'><\/div><figure class='av-inner-masonry main_color'><div class=\"av-masonry-outerimage-container\"><div class=\"av-masonry-image-container\" style=\"background-image: url(http:\/\/www.alinek.com.br\/site\/wp-content\/uploads\/2018\/10\/f11-705x470.jpg);\" title=\"f11\" ><\/div><\/div><\/figure><\/a><!--end av-masonry entry--><a href=\"http:\/\/www.alinek.com.br\/site\/wp-content\/uploads\/2018\/10\/f13.jpg\" id='av-masonry-1-item-155' data-av-masonry-item='155' class='av-masonry-entry isotope-item post-155 attachment type-attachment status-inherit hentry  av-masonry-item-with-image' title=\"f13\"  itemprop=\"thumbnailUrl\" ><div class='av-inner-masonry-sizer'><\/div><figure class='av-inner-masonry main_color'><div class=\"av-masonry-outerimage-container\"><div class=\"av-masonry-image-container\" style=\"background-image: url(http:\/\/www.alinek.com.br\/site\/wp-content\/uploads\/2018\/10\/f13-705x470.jpg);\" title=\"f13\" ><\/div><\/div><\/figure><\/a><!--end av-masonry entry--><a href=\"http:\/\/www.alinek.com.br\/site\/wp-content\/uploads\/2018\/10\/f14.jpg\" id='av-masonry-1-item-156' data-av-masonry-item='156' class='av-masonry-entry isotope-item post-156 attachment type-attachment status-inherit hentry  av-masonry-item-with-image' title=\"f14\"  itemprop=\"thumbnailUrl\" ><div class='av-inner-masonry-sizer'><\/div><figure class='av-inner-masonry main_color'><div class=\"av-masonry-outerimage-container\"><div class=\"av-masonry-image-container\" style=\"background-image: url(http:\/\/www.alinek.com.br\/site\/wp-content\/uploads\/2018\/10\/f14-705x470.jpg);\" title=\"f14\" ><\/div><\/div><\/figure><\/a><!--end av-masonry entry--><\/div><\/div><\/div>\n<div style='padding-bottom:10px; ' class='av-special-heading av-special-heading-h3  blockquote modern-quote modern-centered  avia-builder-el-10  el_after_av_one_full  el_before_av_google_map  avia-builder-el-last   '><h3 class='av-special-heading-tag '  itemprop=\"headline\"  ><b>Como Chegar<\/b><\/h3><div class='special-heading-border'><div class='special-heading-inner-border' ><\/div><\/div><\/div>\n<div class=\"av_gmaps_sc_main_wrap av_gmaps_main_wrap\"><div id='av_gmap_0' class='avia-google-map-container avia-google-map-sc av_gmaps_show_unconditionally av-no-fallback-img ' data-mapid='av_gmap_0'  style='height: 400px;'><a class=\"av_gmaps_browser_disabled av_text_confirm_link av_text_confirm_link_visible\" href=\"https:\/\/www.google.com\/maps\/search\/?api=1&#038;query=Rua%20Aldomar%20Cardoso,%20243%20%20Tubar\u00e3o%20Santa%20Catarina%20Brasil\" target=\"_blank\">Maps were disabled by the visitor on this site.<\/a><\/div><\/div>\n","protected":false},"excerpt":{"rendered":"","protected":false},"author":1,"featured_media":0,"parent":0,"menu_order":0,"comment_status":"closed","ping_status":"closed","template":"","meta":[],"_links":{"self":[{"href":"http:\/\/www.alinek.com.br\/site\/wp-json\/wp\/v2\/pages\/18"}],"collection":[{"href":"http:\/\/www.alinek.com.br\/site\/wp-json\/wp\/v2\/pages"}],"about":[{"href":"http:\/\/www.alinek.com.br\/site\/wp-json\/wp\/v2\/types\/page"}],"author":[{"embeddable":true,"href":"http:\/\/www.alinek.com.br\/site\/wp-json\/wp\/v2\/users\/1"}],"replies":[{"embeddable":true,"href":"http:\/\/www.alinek.com.br\/site\/wp-json\/wp\/v2\/comments?post=18"}],"version-history":[{"count":6,"href":"http:\/\/www.alinek.com.br\/site\/wp-json\/wp\/v2\/pages\/18\/revisions"}],"predecessor-version":[{"id":160,"href":"http:\/\/www.alinek.com.br\/site\/wp-json\/wp\/v2\/pages\/18\/revisions\/160"}],"wp:attachment":[{"href":"http:\/\/www.alinek.com.br\/site\/wp-json\/wp\/v2\/media?parent=18"}],"curies":[{"name":"wp","href":"https:\/\/api.w.org\/{rel}","templated":true}]}}