{"id":64,"date":"2018-10-16T14:59:30","date_gmt":"2018-10-16T17:59:30","guid":{"rendered":"http:\/\/www.alinek.com.br\/site\/?page_id=64"},"modified":"2019-01-24T15:30:02","modified_gmt":"2019-01-24T17:30:02","slug":"bruxismo","status":"publish","type":"page","link":"http:\/\/www.alinek.com.br\/site\/bruxismo\/","title":{"rendered":"Bruxismo"},"content":{"rendered":"<div id='av_section_1' class='avia-section main_color avia-section-default avia-no-border-styling avia-bg-style-scroll  avia-builder-el-0  el_before_av_section  avia-builder-el-first    container_wrap fullsize' style='background-color: #d0a967;  '  ><div class='container' ><main  role=\"main\" itemprop=\"mainContentOfPage\"  class='template-page content  av-content-full alpha units'><div class='post-entry post-entry-type-page post-entry-64'><div class='entry-content-wrapper clearfix'>\n<div style='padding-bottom:10px; color:#ffffff;' class='av-special-heading av-special-heading-h3 custom-color-heading blockquote modern-quote modern-centered  avia-builder-el-1  avia-builder-el-no-sibling   '><h3 class='av-special-heading-tag '  itemprop=\"headline\"  >Bruxismo<\/h3><div class='special-heading-border'><div class='special-heading-inner-border' style='border-color:#ffffff'><\/div><\/div><\/div>\n\n<\/div><\/div><\/main><!-- close content main element --><\/div><\/div><div id='av_section_2' class='avia-section main_color avia-section-default avia-no-border-styling avia-full-stretch avia-bg-style-scroll  avia-builder-el-2  el_after_av_section  el_before_av_section    av-minimum-height av-minimum-height-50  container_wrap fullsize' style='background-repeat: no-repeat; background-image: url(http:\/\/www.alinek.com.br\/site\/wp-content\/uploads\/2018\/10\/bruxismo_ret.png);background-attachment: scroll; background-position: center center;  '  data-section-bg-repeat='stretch' data-av_minimum_height_pc='50'><div class='container' ><div class='template-page content  av-content-full alpha units'><div class='post-entry post-entry-type-page post-entry-64'><div class='entry-content-wrapper clearfix'>\n<\/div><\/div><\/div><!-- close content main div --><\/div><\/div><div id='av_section_3' class='avia-section main_color avia-section-default avia-no-border-styling avia-bg-style-scroll  avia-builder-el-3  el_after_av_section  avia-builder-el-last   container_wrap fullsize' style=' '  ><div class='container' ><div class='template-page content  av-content-full alpha units'><div class='post-entry post-entry-type-page post-entry-64'><div class='entry-content-wrapper clearfix'>\n<section class=\"av_textblock_section \"  itemscope=\"itemscope\" itemtype=\"https:\/\/schema.org\/CreativeWork\" ><div class='avia_textblock  '   itemprop=\"text\" ><p>O bruxismo ou &#8220;ranger os dentes&#8221;, \u00e9 um h\u00e1bito parafuncional que leva o paciente a ranger os dentes durante o sono ou at\u00e9 mesmo durante o dia. \u00c9 observado em pacientes de todas as idades e geralmente est\u00e1 relacionada ao alto n\u00edvel de estresse. Pode causar desgastes nos dentes e agir como um dos fatores causais das dores de cabe\u00e7a e dist\u00farbios da articula\u00e7\u00e3o temporomandibular. Ranger os dentes \u00e0 noite e apert\u00e1-los durante o dia formam um problema progressivo que o paciente frequentemente n\u00e3o nota e s\u00f3 \u00e9 percebido se prestar aten\u00e7\u00e3o na pr\u00f3pria tens\u00e3o muscular ou se o rangido noturno \u00e9 escutado por outros, normalmente pais ou esposos.<\/p>\n<p>O diagn\u00f3stico geralmente \u00e9 feito depois de surgirem algumas complica\u00e7\u00f5es como desgastes nos dentes, dores na musculatura mastigat\u00f3ria, estalidos nas articula\u00e7\u00f5es, perdas \u00f3sseas na mand\u00edbula e maxilar, travamento das articula\u00e7\u00f5es temporomandibulares etc.<\/p>\n<p>A frequ\u00eancia e severidade do bruxismo est\u00e3o altamente associadas ao estresse emocional e f\u00edsico. \u00c9 fundamental ressaltar que a pessoa portadora de qualquer tipo de bruxismo deve visitar constantemente seu dentista para evitar maiores danos, visto que a cura total para esse problema ainda \u00e9 desconhecida. O esmalte dent\u00e1rio \u00e9 o primeiro a receber os danos do bruxismo, causando assim o desgaste anormal dos dentes, podendo se estender at\u00e9 a gengiva, causando dor. Em dentes mais fr\u00e1geis, sejam eles cariados ou tratados, a fric\u00e7\u00e3o pode provocar quebra e fissuras.<\/p>\n<p>As dores de cabe\u00e7a tensionais s\u00e3o comuns nos portadores de bruxismo, elas surgem por contra\u00e7\u00e3o excessiva dos m\u00fasculos da mastiga\u00e7\u00e3o, podendo atingir rosto, pesco\u00e7o, ouvido e at\u00e9 ombros. Outro problema decorrente do bruxismo \u00e9 dor na articula\u00e7\u00e3o temporomandibular. Esta tamb\u00e9m pode sofrer estalos, travamento, restringir a abertura da boca e desviar para o lado ao abrir e fechar.<\/p>\n<p>Os dentistas s\u00e3o os profissionais indicados para fazer o diagn\u00f3stico e o tratamento do bruxismo. Os fisioterapeutas podem oferecer tratamento de suporte para dor muscular causada pelo bruxismo e os fonoaudi\u00f3logos tamb\u00e9m podem ajudar a detect\u00e1-lo.<\/p>\n<p>A terapia mais empregada atualmente para o al\u00edvio dos sinais e sintomas da articula\u00e7\u00e3o temporomandibular associada ao bruxismo \u00e9 a utiliza\u00e7\u00e3o de placas interoclusais. Essas placas reduzem a atividade dos m\u00fasculos durante a noite e protegem os dentes dos desgastes provocados pelo h\u00e1bito.<\/p>\n<p>Quanto ao bruxismo em vig\u00edlia, o paciente deve ser aconselhado a criar o h\u00e1bito de desencostar os dentes. Quanto ao bruxismo durante o sono, o paciente deve ser orientado a utilizar um dispositivo interoclusal de cobertura total para prote\u00e7\u00e3o ao desgaste oclusal pela atri\u00e7\u00e3o noturna. O portador de bruxismo deve visitar constantemente o dentista, para que seja acompanhado pelo profissional.<\/p>\n<\/div><\/section>\n\n\n","protected":false},"excerpt":{"rendered":"","protected":false},"author":1,"featured_media":0,"parent":0,"menu_order":0,"comment_status":"closed","ping_status":"closed","template":"","meta":[],"_links":{"self":[{"href":"http:\/\/www.alinek.com.br\/site\/wp-json\/wp\/v2\/pages\/64"}],"collection":[{"href":"http:\/\/www.alinek.com.br\/site\/wp-json\/wp\/v2\/pages"}],"about":[{"href":"http:\/\/www.alinek.com.br\/site\/wp-json\/wp\/v2\/types\/page"}],"author":[{"embeddable":true,"href":"http:\/\/www.alinek.com.br\/site\/wp-json\/wp\/v2\/users\/1"}],"replies":[{"embeddable":true,"href":"http:\/\/www.alinek.com.br\/site\/wp-json\/wp\/v2\/comments?post=64"}],"version-history":[{"count":3,"href":"http:\/\/www.alinek.com.br\/site\/wp-json\/wp\/v2\/pages\/64\/revisions"}],"predecessor-version":[{"id":214,"href":"http:\/\/www.alinek.com.br\/site\/wp-json\/wp\/v2\/pages\/64\/revisions\/214"}],"wp:attachment":[{"href":"http:\/\/www.alinek.com.br\/site\/wp-json\/wp\/v2\/media?parent=64"}],"curies":[{"name":"wp","href":"https:\/\/api.w.org\/{rel}","templated":true}]}}