{"id":66,"date":"2018-10-16T15:06:08","date_gmt":"2018-10-16T18:06:08","guid":{"rendered":"http:\/\/www.alinek.com.br\/site\/?page_id=66"},"modified":"2019-11-07T13:45:59","modified_gmt":"2019-11-07T16:45:59","slug":"odontopediatria","status":"publish","type":"page","link":"http:\/\/www.alinek.com.br\/site\/odontopediatria\/","title":{"rendered":"Odontopediatria"},"content":{"rendered":"<div id='av_section_1' class='avia-section main_color avia-section-default avia-no-border-styling avia-bg-style-scroll  avia-builder-el-0  el_before_av_section  avia-builder-el-first    container_wrap fullsize' style='background-color: #d0a967;  '  ><div class='container' ><main  role=\"main\" itemprop=\"mainContentOfPage\"  class='template-page content  av-content-full alpha units'><div class='post-entry post-entry-type-page post-entry-66'><div class='entry-content-wrapper clearfix'>\n<div style='padding-bottom:10px; color:#ffffff;' class='av-special-heading av-special-heading-h3 custom-color-heading blockquote modern-quote modern-centered  avia-builder-el-1  avia-builder-el-no-sibling   '><h3 class='av-special-heading-tag '  itemprop=\"headline\"  >Odontopediatria<\/h3><div class ='av-subheading av-subheading_below av_custom_color ' style='font-size:15px;'><p> para gestantes, beb\u00eas, crian\u00e7as e adolescentes<\/p>\n<\/div><div class='special-heading-border'><div class='special-heading-inner-border' style='border-color:#ffffff'><\/div><\/div><\/div>\n\n<\/div><\/div><\/main><!-- close content main element --><\/div><\/div><div id='av_section_2' class='avia-section main_color avia-section-default avia-no-border-styling avia-full-stretch avia-bg-style-scroll  avia-builder-el-2  el_after_av_section  el_before_av_section    av-minimum-height av-minimum-height-50  container_wrap fullsize' style='background-repeat: no-repeat; background-image: url(http:\/\/www.alinek.com.br\/site\/wp-content\/uploads\/2018\/10\/odontopediatria_ret.png);background-attachment: scroll; background-position: center center;  '  data-section-bg-repeat='stretch' data-av_minimum_height_pc='50'><div class='container' ><div class='template-page content  av-content-full alpha units'><div class='post-entry post-entry-type-page post-entry-66'><div class='entry-content-wrapper clearfix'>\n<\/div><\/div><\/div><!-- close content main div --><\/div><\/div><div id='av_section_3' class='avia-section main_color avia-section-default avia-no-border-styling avia-bg-style-scroll  avia-builder-el-3  el_after_av_section  avia-builder-el-last    container_wrap fullsize' style=' '  ><div class='container' ><div class='template-page content  av-content-full alpha units'><div class='post-entry post-entry-type-page post-entry-66'><div class='entry-content-wrapper clearfix'>\n<section class=\"av_textblock_section \"  itemscope=\"itemscope\" itemtype=\"https:\/\/schema.org\/CreativeWork\" ><div class='avia_textblock  '   itemprop=\"text\" ><p>A atua\u00e7\u00e3o do odontopediatra inicia-se com a gestante, orientando-a quanto aos cuidados com a sua sa\u00fade bucal do seu beb\u00ea que logo estar\u00e1 em seus bra\u00e7os. O odontopediatra dar\u00e1 as primeiras informa\u00e7\u00f5es sobre as caracter\u00edsticas da boca do seu beb\u00ea e a import\u00e2ncia do aleitamento materno e a maneira de fazer a higiene bucal do seu pequenino. A mam\u00e3e tamb\u00e9m ficar\u00e1 informada da \u00e9poca de nascimento dos primeiros dentes, uso de chupeta e mamadeira. Al\u00e9m de cuidar do seu beb\u00ea, a futura mam\u00e3e deve cuidar tamb\u00e9m de sua sa\u00fade bucal, pois estudos relatam que uma sa\u00fade bucal deficiente aumenta o risco de parto prematuro e o nascimento de beb\u00eas com baixo peso. A melhor \u00e9poca para a gestante ser submetida a tratamento odontol\u00f3gico \u00e9 no segundo trimestre da gesta\u00e7\u00e3o.<\/p>\n<\/div><\/section>\n<div style='padding-bottom:10px; ' class='av-special-heading av-special-heading-h3  blockquote modern-quote modern-centered   '><h3 class='av-special-heading-tag '  itemprop=\"headline\"  ><b>Estimule seu filho(a) a desenvolver bons h\u00e1bitos de sa\u00fade bucal,  traga-o para fazer uma consulta odontol\u00f3gica preventiva!<\/b><\/h3><div class='special-heading-border'><div class='special-heading-inner-border' ><\/div><\/div><\/div>\n<div class='flex_column_table av-equal-height-column-flextable -flextable' ><div class=\"flex_column av_one_third  av-animated-generic left-to-right  flex_column_table_cell av-equal-height-column av-align-middle av-zero-column-padding first   \" style='border-radius:0px; '><div class='avia-image-container  av-styling-     avia-align-center '  itemprop=\"image\" itemscope=\"itemscope\" itemtype=\"https:\/\/schema.org\/ImageObject\"  ><div class='avia-image-container-inner'><div class='avia-image-overlay-wrap'><img class='avia_image' src='http:\/\/www.alinek.com.br\/site\/wp-content\/uploads\/2018\/10\/image008888.png' alt='' title='image008888' height=\"195\" width=\"300\"  itemprop=\"thumbnailUrl\"  \/><\/div><\/div><\/div><\/div><\/div><!--close column table wrapper. Autoclose: 1 --><div class='flex_column_table av-equal-height-column-flextable -flextable' ><div class='av-flex-placeholder'><\/div><div class=\"flex_column av_two_third  av-animated-generic right-to-left  flex_column_table_cell av-equal-height-column av-align-middle av-zero-column-padding    \" style='border-radius:0px; '><section class=\"av_textblock_section \"  itemscope=\"itemscope\" itemtype=\"https:\/\/schema.org\/CreativeWork\" ><div class='avia_textblock  '   itemprop=\"text\" ><p>Ap\u00f3s o nascimento do beb\u00ea, deve-se prosseguir com o acompanhamento desde o aparecimento do primeiro dentinho, onde os pais recebem informa\u00e7\u00f5es sobre a sequ\u00eancia e idade de erup\u00e7\u00e3o (nascimento) dos dentes de leite e as formas de higieniza\u00e7\u00e3o da boca do beb\u00ea em cada etapa. S\u00e3o abordados temas como uso de fl\u00faor, orienta\u00e7\u00f5es de dieta e sobre o uso de chupetas e mamadeiras.<\/p>\n<p>Quando os h\u00e1bitos s\u00e3o estabelecidos na inf\u00e2ncia, s\u00e3o mantidos por toda a vida, por isso, quanto mais cedo o contato com o dentista, mais f\u00e1cil ser\u00e1 a implanta\u00e7\u00e3o das rotinas de cuidados bucais na vida da crian\u00e7a.<\/p>\n<p>\u00c9 necess\u00e1rio que haja um equil\u00edbrio bucal no desenvolvimento e crescimento da crian\u00e7a, onde a mastiga\u00e7\u00e3o, a fona\u00e7\u00e3o e a respira\u00e7\u00e3o precisam estar em harmonia. A vis\u00e3o do odontopediatra aborda a crian\u00e7a como um todo, e se necess\u00e1rio \u00e9 feita uma intera\u00e7\u00e3o e acompanhamento com outras especialidades, como por exemplo, a ortodontia\/ortopedia, otorrinolaringologia, fonoaudiologia, psicologia e nutri\u00e7\u00e3o.<\/p>\n<\/div><\/section><\/div><\/div><!--close column table wrapper. Autoclose: 1 --><div class=\"flex_column av_two_third  flex_column_div av-zero-column-padding first  \" style='border-radius:0px; '><div style='padding-bottom:10px; ' class='av-special-heading av-special-heading-h3  blockquote modern-quote modern-centered   '><h3 class='av-special-heading-tag '  itemprop=\"headline\"  ><b> <br \/> Toda crian\u00e7a tem o direito de crescer sorrindo. <\/br> N\u00f3s temos o dever de levar isso a s\u00e9rio<\/b><\/h3><div class='special-heading-border'><div class='special-heading-inner-border' ><\/div><\/div><\/div><\/div><div class='flex_column_table av-equal-height-column-flextable -flextable' ><div class=\"flex_column av_two_third  av-animated-generic left-to-right  flex_column_table_cell av-equal-height-column av-align-middle av-zero-column-padding first   \" style='border-radius:0px; '><section class=\"av_textblock_section \"  itemscope=\"itemscope\" itemtype=\"https:\/\/schema.org\/CreativeWork\" ><div class='avia_textblock  '   itemprop=\"text\" ><p>Quando a crian\u00e7a j\u00e1 compreende melhor os ensinamentos, de uma maneira l\u00fadica s\u00e3o passados conceitos como as causas da doen\u00e7a c\u00e1rie e consequ\u00eancias de h\u00e1bitos como suc\u00e7\u00e3o de dedo e chupeta. Os pais e respons\u00e1veis continuam a receber todas as informa\u00e7\u00f5es relativas \u00e0 higiene bucal e como esta deve ser feita em cada fase, sobre o uso de fl\u00faor, orienta\u00e7\u00f5es sobre dieta e desenvolvimento da oclus\u00e3o (mordida).<\/p>\n<p>A adolesc\u00eancia \u00e9 um per\u00edodo de transi\u00e7\u00e3o da inf\u00e2ncia para a idade adulta onde muitas mudan\u00e7as em t\u00e3o pouco tempo tornam o adolescente um paciente diferente do paciente infantil e por isso a linguagem e a motiva\u00e7\u00e3o s\u00e3o direcionadas para esta faixa et\u00e1ria. A continuidade do tratamento dos adolescentes pelo odontopediatra tem a grande vantagem da rela\u00e7\u00e3o de confian\u00e7a entre as partes j\u00e1 estar estabelecida e pelo fato do profissional j\u00e1 conhecer o paciente. Nas consultas os adolescentes recebem informa\u00e7\u00f5es sobre os cuidados com a higiene bucal e a motiva\u00e7\u00e3o necess\u00e1ria para que seja feito no dia a dia. Nesta fase, muitos dos nossos pacientes est\u00e3o usando aparelhos ortod\u00f4nticos, requerendo maiores cuidados e aten\u00e7\u00e3o.<\/p>\n<p>O sucesso do tratamento depende de uma boa comunica\u00e7\u00e3o do odontopediatra com a crian\u00e7a e com o n\u00facleo familiar, pois um v\u00ednculo de confian\u00e7a m\u00fatua deve existir para que os ensinamentos do consult\u00f3rio sejam vividos no seu dia-a-dia, podendo assim crescer saud\u00e1vel e feliz!<\/p>\n<\/div><\/section><\/div><\/div><!--close column table wrapper. Autoclose: 1 --><div class='flex_column_table av-equal-height-column-flextable -flextable' ><div class='av-flex-placeholder'><\/div><div class=\"flex_column av_one_third  av-animated-generic right-to-left  flex_column_table_cell av-equal-height-column av-align-middle av-zero-column-padding    \" style='border-radius:0px; '><div class='avia-image-container  av-styling-     avia-align-center '  itemprop=\"image\" itemscope=\"itemscope\" itemtype=\"https:\/\/schema.org\/ImageObject\"  ><div class='avia-image-container-inner'><div class='avia-image-overlay-wrap'><img class='avia_image' src='http:\/\/www.alinek.com.br\/site\/wp-content\/uploads\/2019\/11\/0248-687x1030.jpg' alt='' title='0248' height=\"1030\" width=\"687\"  itemprop=\"thumbnailUrl\"  \/><\/div><\/div><\/div><\/div><\/div><!--close column table wrapper. Autoclose: 1 --><div style='padding-bottom:10px; ' class='av-special-heading av-special-heading-h3     '><h3 class='av-special-heading-tag '  itemprop=\"headline\"  >Dicas<\/h3><div class='special-heading-border'><div class='special-heading-inner-border' ><\/div><\/div><\/div>\n<section class=\"av_textblock_section \"  itemscope=\"itemscope\" itemtype=\"https:\/\/schema.org\/CreativeWork\" ><div class='avia_textblock  '   itemprop=\"text\" ><ul>\n<li>O nascimento do dente de leite pode gerar algumas manifesta\u00e7\u00f5es sist\u00eamicas e locais: aumento da saliva\u00e7\u00e3o, inflama\u00e7\u00e3o gengival, edema local, irritabilidade, suc\u00e7\u00e3o digital, febre, sono, agita\u00e7\u00e3o, erup\u00e7\u00f5es na pele, inapet\u00eancia, diarreia e v\u00f4mito.<\/li>\n<li>Febre muito alta n\u00e3o \u00e9 porque est\u00e1 erupcionando (nascendo) dente, tem que procurar outro fator causal e levar para um m\u00e9dico pediatra.<\/li>\n<li>\u201cDentes fracos\u201d n\u00e3o s\u00e3o heran\u00e7a de fam\u00edlia, o que \u00e9 transferido de uma gera\u00e7\u00e3o para outra s\u00e3o costumes e h\u00e1bitos familiares.<\/li>\n<li>Deixar a pasta de dente longe do alcance de seu filho, isso evita que ele possa comer a pasta fluoretada e ter fluorose, que s\u00e3o manchas brancas nos dentes permanentes.<\/li>\n<li>Para n\u00e3o ter c\u00e1rie \u00e9 fundamental controlar a dieta!<\/li>\n<li>A crian\u00e7a que tem a sa\u00fade bucal supervisionada por um especialista tem grandes chances de ser uma crian\u00e7a e tamb\u00e9m um adulto livre de c\u00e1ries.<\/li>\n<li>Os dentes dec\u00edduos (de leite) servem como guia de erup\u00e7\u00e3o (nascimento) para os dentes permanentes.<\/li>\n<li>Crian\u00e7as que respiram pela boca tamb\u00e9m podem ter problemas oclusais (mordida).<\/li>\n<li>Os antibi\u00f3ticos n\u00e3o enfraquecem os dentes, o que acontece \u00e9 que o uso cont\u00ednuo de antibi\u00f3ticos a\u00e7ucarados e a n\u00e3o escova\u00e7\u00e3o podem causar les\u00f5es de c\u00e1ries, portanto sempre escove os dentes do seu filho ap\u00f3s o uso da medica\u00e7\u00e3o.<\/li>\n<li>Caso seu filho sofra um traumatismo dent\u00e1rio, se poss\u00edvel guarde o dente quebrado em um copo com soro fisiol\u00f3gico ou leite e procure um dentista o mais r\u00e1pido poss\u00edvel, n\u00e3o tente recolocar o dente no lugar, pois pode prejudicar o dente permanente.<\/li>\n<li>Traumatismo dent\u00e1rio ocorre 2x mais em crian\u00e7as com altera\u00e7\u00f5es na oclus\u00e3o (mordida) do que em crian\u00e7as com oclus\u00e3o normal.<\/li>\n<\/ul>\n<p><strong>ACOMPANHAMENTO COMPLETO<\/strong><\/p>\n<p>Queremos que o(a) seu(sua) filho(a) receba o melhor tratamento, por isso, vamos mant\u00ea-lo sempre informado de quando retornar. Vamos acompanh\u00e1-lo antes e depois da troca dos dentes de leite para os permanentes, evitando o aparecimento de c\u00e1ries e dos demais problemas bucais.<\/p>\n<\/div><\/section>\n<div style='padding-bottom:10px; ' class='av-special-heading av-special-heading-h3  blockquote modern-quote modern-centered   '><h3 class='av-special-heading-tag '  itemprop=\"headline\"  ><b>Seu filho cresce com mais sa\u00fade quando cresce sorrindo!<\/b><\/h3><div class='special-heading-border'><div class='special-heading-inner-border' ><\/div><\/div><\/div>\n<div class='avia-image-container  av-styling-     avia-align-center '  itemprop=\"image\" itemscope=\"itemscope\" itemtype=\"https:\/\/schema.org\/ImageObject\"  ><div class='avia-image-container-inner'><div class='avia-image-overlay-wrap'><img class='avia_image' src='http:\/\/www.alinek.com.br\/site\/wp-content\/uploads\/2018\/10\/f16.png' alt='' title='f16' height=\"280\" width=\"960\"  itemprop=\"thumbnailUrl\"  \/><\/div><\/div><\/div>\n\n","protected":false},"excerpt":{"rendered":"","protected":false},"author":1,"featured_media":0,"parent":0,"menu_order":0,"comment_status":"closed","ping_status":"closed","template":"","meta":[],"_links":{"self":[{"href":"http:\/\/www.alinek.com.br\/site\/wp-json\/wp\/v2\/pages\/66"}],"collection":[{"href":"http:\/\/www.alinek.com.br\/site\/wp-json\/wp\/v2\/pages"}],"about":[{"href":"http:\/\/www.alinek.com.br\/site\/wp-json\/wp\/v2\/types\/page"}],"author":[{"embeddable":true,"href":"http:\/\/www.alinek.com.br\/site\/wp-json\/wp\/v2\/users\/1"}],"replies":[{"embeddable":true,"href":"http:\/\/www.alinek.com.br\/site\/wp-json\/wp\/v2\/comments?post=66"}],"version-history":[{"count":11,"href":"http:\/\/www.alinek.com.br\/site\/wp-json\/wp\/v2\/pages\/66\/revisions"}],"predecessor-version":[{"id":291,"href":"http:\/\/www.alinek.com.br\/site\/wp-json\/wp\/v2\/pages\/66\/revisions\/291"}],"wp:attachment":[{"href":"http:\/\/www.alinek.com.br\/site\/wp-json\/wp\/v2\/media?parent=66"}],"curies":[{"name":"wp","href":"https:\/\/api.w.org\/{rel}","templated":true}]}}