{"id":70,"date":"2018-10-16T15:13:27","date_gmt":"2018-10-16T18:13:27","guid":{"rendered":"http:\/\/www.alinek.com.br\/site\/?page_id=70"},"modified":"2019-11-06T15:16:56","modified_gmt":"2019-11-06T18:16:56","slug":"clareamento-dental","status":"publish","type":"page","link":"http:\/\/www.alinek.com.br\/site\/clareamento-dental\/","title":{"rendered":"Clareamento Dental"},"content":{"rendered":"<div id='av_section_1' class='avia-section main_color avia-section-default avia-no-border-styling avia-bg-style-scroll  avia-builder-el-0  el_before_av_section  avia-builder-el-first    container_wrap fullsize' style='background-color: #d0a967;  '  ><div class='container' ><main  role=\"main\" itemprop=\"mainContentOfPage\"  class='template-page content  av-content-full alpha units'><div class='post-entry post-entry-type-page post-entry-70'><div class='entry-content-wrapper clearfix'>\n<div style='padding-bottom:10px; color:#ffffff;' class='av-special-heading av-special-heading-h3 custom-color-heading blockquote modern-quote modern-centered  avia-builder-el-1  avia-builder-el-no-sibling   '><h3 class='av-special-heading-tag '  itemprop=\"headline\"  >Clareamento Dental<\/h3><div class='special-heading-border'><div class='special-heading-inner-border' style='border-color:#ffffff'><\/div><\/div><\/div>\n\n<\/div><\/div><\/main><!-- close content main element --><\/div><\/div><div id='av_section_2' class='avia-section main_color avia-section-default avia-no-border-styling avia-full-stretch avia-bg-style-scroll  avia-builder-el-2  el_after_av_section  el_before_av_section    av-minimum-height av-minimum-height-50  container_wrap fullsize' style='background-repeat: no-repeat; background-image: url(http:\/\/www.alinek.com.br\/site\/wp-content\/uploads\/2018\/10\/clareamento_ret.png);background-attachment: scroll; background-position: center center;  '  data-section-bg-repeat='stretch' data-av_minimum_height_pc='50'><div class='container' ><div class='template-page content  av-content-full alpha units'><div class='post-entry post-entry-type-page post-entry-70'><div class='entry-content-wrapper clearfix'>\n<\/div><\/div><\/div><!-- close content main div --><\/div><\/div><div id='av_section_3' class='avia-section main_color avia-section-default avia-no-border-styling avia-bg-style-scroll  avia-builder-el-3  el_after_av_section  avia-builder-el-last   container_wrap fullsize' style=' '  ><div class='container' ><div class='template-page content  av-content-full alpha units'><div class='post-entry post-entry-type-page post-entry-70'><div class='entry-content-wrapper clearfix'>\n<section class=\"av_textblock_section \"  itemscope=\"itemscope\" itemtype=\"https:\/\/schema.org\/CreativeWork\" ><div class='avia_textblock  '   itemprop=\"text\" ><p>Qualquer pessoa pode ter seus dentes clareados, desde que eles estejam \u00edntegros, sem muitas restaura\u00e7\u00f5es, at\u00e9 mesmo quando j\u00e1 passaram por tratamentos endod\u00f4nticos. Se n\u00e3o for poss\u00edvel realizar o clareamento, existem outras in\u00fameras maneiras de garantir a est\u00e9tica do sorriso.<\/p>\n<p>Como n\u00f3s, os dentes tamb\u00e9m envelhecem e \u00e9 muito importante que eles tenham os cuidados que merecem.<\/p>\n<p>Dentes clareados rejuvenescem, proporcionam autoconfian\u00e7a e contribuem para muitas conquistas.<\/p>\n<p>Os produtos clareadores n\u00e3o alteram a cor dos materiais restauradores, apenas dos dentes. Sendo assim, ap\u00f3s o clareamento torna-se necess\u00e1rio substituir as restaura\u00e7\u00f5es em resina e\/ou porcelana que ficarem desarm\u00f4nicas no sorriso.<\/p>\n<p>As \u00fanicas contra-indica\u00e7\u00f5es para o clareamento s\u00e3o a utiliza\u00e7\u00e3o em pacientes gestantes e pacientes com doen\u00e7as gengivais, c\u00e1rie ou qualquer outra patologia bucal.<\/p>\n<p>Para a maioria dos pacientes, os dentes podem ser clareados de tr\u00eas maneiras:<\/p>\n<ul>\n<li>Em consult\u00f3rio: na maioria dos casos quatro sess\u00f5es de 60 minutos cada,\u00a0 com g\u00e9is clareadores em maior concentra\u00e7\u00e3o.<\/li>\n<li>Em casa atrav\u00e9s do uso de uma moldeira pr\u00e9 fabricada na qual o paciente coloca um gel clareador em menor concentra\u00e7\u00e3o por um per\u00edodo m\u00ednimo de 14 dias ou noites, dependendo do grau de manchamento dos dentes.<\/li>\n<li>Associa\u00e7\u00e3o das duas t\u00e9cnicas acima citadas, com sess\u00e3o em consult\u00f3rio + uso de moldeiras em casa.<\/li>\n<\/ul>\n<p>Todas as tr\u00eas t\u00e9cnicas buscam obter o mesmo resultado.<\/p>\n<p>Em alguns casos o clareamento pode causar sensibilidade, mas \u00e9 facilmente tratada com produtos espec\u00edficos.<\/p>\n<p>\u00c9 importante agendar uma consulta para definir o tratamento que melhor se encaixa para voc\u00ea.<\/p>\n<p>\u00c9 fundamental que todo paciente siga a orienta\u00e7\u00e3o do seu dentista, que realizar\u00e1 o monitoramento do tratamento de clareamento dos dentes do in\u00edcio ao fim. N\u00e3o \u00e9 recomendado adquirir produtos de clareamento em farm\u00e1cias e drogarias, pois estes produtos n\u00e3o tem a mesma efici\u00eancia daqueles usados pelos profissionais e podem provocar efeitos secund\u00e1rios indesejados, como a sensibilidade com frio e quente, desgaste do esmalte dental e nenhum resultado aparente.<\/p>\n<p>Ao contr\u00e1rio do que muitos pensam, o clareamento n\u00e3o enfraquece os dentes. H\u00e1 uma infinidade de artigos cient\u00edficos evidenciando que n\u00e3o ocorre enfraquecimento do esmalte e da dentina. A t\u00e9cnica de clareamento com moldeira e gel est\u00e1 consagrada desde os anos 80 e n\u00e3o provoca nenhum tipo de enfraquecimento dos dentes.<\/p>\n<p>O clareamento pode ser feito a partir dos 15 anos, sem limite de idade.<\/p>\n<\/div><\/section>\n\n","protected":false},"excerpt":{"rendered":"","protected":false},"author":1,"featured_media":0,"parent":0,"menu_order":0,"comment_status":"closed","ping_status":"closed","template":"","meta":[],"_links":{"self":[{"href":"http:\/\/www.alinek.com.br\/site\/wp-json\/wp\/v2\/pages\/70"}],"collection":[{"href":"http:\/\/www.alinek.com.br\/site\/wp-json\/wp\/v2\/pages"}],"about":[{"href":"http:\/\/www.alinek.com.br\/site\/wp-json\/wp\/v2\/types\/page"}],"author":[{"embeddable":true,"href":"http:\/\/www.alinek.com.br\/site\/wp-json\/wp\/v2\/users\/1"}],"replies":[{"embeddable":true,"href":"http:\/\/www.alinek.com.br\/site\/wp-json\/wp\/v2\/comments?post=70"}],"version-history":[{"count":6,"href":"http:\/\/www.alinek.com.br\/site\/wp-json\/wp\/v2\/pages\/70\/revisions"}],"predecessor-version":[{"id":248,"href":"http:\/\/www.alinek.com.br\/site\/wp-json\/wp\/v2\/pages\/70\/revisions\/248"}],"wp:attachment":[{"href":"http:\/\/www.alinek.com.br\/site\/wp-json\/wp\/v2\/media?parent=70"}],"curies":[{"name":"wp","href":"https:\/\/api.w.org\/{rel}","templated":true}]}}