{"id":74,"date":"2018-10-16T15:18:23","date_gmt":"2018-10-16T18:18:23","guid":{"rendered":"http:\/\/www.alinek.com.br\/site\/?page_id=74"},"modified":"2018-10-29T19:06:01","modified_gmt":"2018-10-29T22:06:01","slug":"endodontia","status":"publish","type":"page","link":"http:\/\/www.alinek.com.br\/site\/endodontia\/","title":{"rendered":"Endodontia"},"content":{"rendered":"<div id='av_section_1' class='avia-section main_color avia-section-default avia-no-border-styling avia-bg-style-scroll  avia-builder-el-0  el_before_av_section  avia-builder-el-first    container_wrap fullsize' style='background-color: #d0a967;  '  ><div class='container' ><main  role=\"main\" itemprop=\"mainContentOfPage\"  class='template-page content  av-content-full alpha units'><div class='post-entry post-entry-type-page post-entry-74'><div class='entry-content-wrapper clearfix'>\n<div style='padding-bottom:10px; color:#ffffff;' class='av-special-heading av-special-heading-h3 custom-color-heading blockquote modern-quote modern-centered  avia-builder-el-1  avia-builder-el-no-sibling   '><h3 class='av-special-heading-tag '  itemprop=\"headline\"  >Endodontia<\/h3><div class='special-heading-border'><div class='special-heading-inner-border' style='border-color:#ffffff'><\/div><\/div><\/div>\n\n<\/div><\/div><\/main><!-- close content main element --><\/div><\/div><div id='av_section_2' class='avia-section main_color avia-section-default avia-no-border-styling avia-bg-style-scroll  avia-builder-el-2  el_after_av_section  avia-builder-el-last   container_wrap fullsize' style=' '  ><div class='container' ><div class='template-page content  av-content-full alpha units'><div class='post-entry post-entry-type-page post-entry-74'><div class='entry-content-wrapper clearfix'>\n<div class=\"flex_column av_one_half  av-animated-generic left-to-right  flex_column_div av-zero-column-padding first  avia-builder-el-3  el_before_av_one_half  avia-builder-el-first   \" style='border-radius:0px; '><section class=\"av_textblock_section \"  itemscope=\"itemscope\" itemtype=\"https:\/\/schema.org\/CreativeWork\" ><div class='avia_textblock  '   itemprop=\"text\" ><div class=\"textojustify\">\n<p>Endodontia \u00e9 a especialidade da odontologia que trata das les\u00f5es e doen\u00e7as da polpa dent\u00e1ria (nervo), de todo o sistema de canais radiculares (raiz do dente).O tratamento endod\u00f4ntico (ou o tratamento de canal) est\u00e1 indicado, visando a manuten\u00e7\u00e3o do dente na cavidade bucal, e a sa\u00fade dos tecidos periapicais, evitando a necessidade de extra\u00e7\u00e3o do dente.<\/p>\n<\/div>\n<\/div><\/section><\/div><div class=\"flex_column av_one_half  av-animated-generic right-to-left  flex_column_div av-zero-column-padding   avia-builder-el-5  el_after_av_one_half  avia-builder-el-last   \" style='border-radius:0px; '><div class='avia-image-container  av-styling-    avia-builder-el-6  avia-builder-el-no-sibling   avia-align-center '  itemprop=\"image\" itemscope=\"itemscope\" itemtype=\"https:\/\/schema.org\/ImageObject\"  ><div class='avia-image-container-inner'><div class='avia-image-overlay-wrap'><img class='avia_image' src='http:\/\/www.alinek.com.br\/site\/wp-content\/uploads\/2018\/10\/endodontia_ret-495x280.png' alt='' title='endodontia_ret' height=\"280\" width=\"495\"  itemprop=\"thumbnailUrl\"  \/><\/div><\/div><\/div><\/div>\n","protected":false},"excerpt":{"rendered":"","protected":false},"author":1,"featured_media":0,"parent":0,"menu_order":0,"comment_status":"closed","ping_status":"closed","template":"","meta":[],"_links":{"self":[{"href":"http:\/\/www.alinek.com.br\/site\/wp-json\/wp\/v2\/pages\/74"}],"collection":[{"href":"http:\/\/www.alinek.com.br\/site\/wp-json\/wp\/v2\/pages"}],"about":[{"href":"http:\/\/www.alinek.com.br\/site\/wp-json\/wp\/v2\/types\/page"}],"author":[{"embeddable":true,"href":"http:\/\/www.alinek.com.br\/site\/wp-json\/wp\/v2\/users\/1"}],"replies":[{"embeddable":true,"href":"http:\/\/www.alinek.com.br\/site\/wp-json\/wp\/v2\/comments?post=74"}],"version-history":[{"count":5,"href":"http:\/\/www.alinek.com.br\/site\/wp-json\/wp\/v2\/pages\/74\/revisions"}],"predecessor-version":[{"id":133,"href":"http:\/\/www.alinek.com.br\/site\/wp-json\/wp\/v2\/pages\/74\/revisions\/133"}],"wp:attachment":[{"href":"http:\/\/www.alinek.com.br\/site\/wp-json\/wp\/v2\/media?parent=74"}],"curies":[{"name":"wp","href":"https:\/\/api.w.org\/{rel}","templated":true}]}}