{"id":83,"date":"2018-10-16T15:35:49","date_gmt":"2018-10-16T18:35:49","guid":{"rendered":"http:\/\/www.alinek.com.br\/site\/?page_id=83"},"modified":"2018-10-29T18:53:04","modified_gmt":"2018-10-29T21:53:04","slug":"ronco-e-apneia-do-sono","status":"publish","type":"page","link":"http:\/\/www.alinek.com.br\/site\/ronco-e-apneia-do-sono\/","title":{"rendered":"Ronco e Apneia do Sono"},"content":{"rendered":"<div id='av_section_1' class='avia-section main_color avia-section-default avia-no-border-styling avia-bg-style-scroll  avia-builder-el-0  el_before_av_section  avia-builder-el-first    container_wrap fullsize' style='background-color: #d0a967;  '  ><div class='container' ><main  role=\"main\" itemprop=\"mainContentOfPage\"  class='template-page content  av-content-full alpha units'><div class='post-entry post-entry-type-page post-entry-83'><div class='entry-content-wrapper clearfix'>\n<div style='padding-bottom:10px; color:#ffffff;' class='av-special-heading av-special-heading-h3 custom-color-heading blockquote modern-quote modern-centered  avia-builder-el-1  avia-builder-el-no-sibling   '><h3 class='av-special-heading-tag '  itemprop=\"headline\"  >Ronco e Apneia do Sono<\/h3><div class='special-heading-border'><div class='special-heading-inner-border' style='border-color:#ffffff'><\/div><\/div><\/div>\n\n<\/div><\/div><\/main><!-- close content main element --><\/div><\/div><div id='av_section_2' class='avia-section main_color avia-section-default avia-no-border-styling avia-bg-style-scroll  avia-builder-el-2  el_after_av_section  avia-builder-el-last   container_wrap fullsize' style=' '  ><div class='container' ><div class='template-page content  av-content-full alpha units'><div class='post-entry post-entry-type-page post-entry-83'><div class='entry-content-wrapper clearfix'>\n<div style='padding-bottom:10px; ' class='av-special-heading av-special-heading-h4  blockquote modern-quote modern-centered  avia-builder-el-3  el_before_av_two_third  avia-builder-el-first   '><h4 class='av-special-heading-tag '  itemprop=\"headline\"  >Ronco<\/h4><div class='special-heading-border'><div class='special-heading-inner-border' ><\/div><\/div><\/div>\n<div class=\"flex_column av_two_third  av-animated-generic left-to-right  flex_column_div av-zero-column-padding first  avia-builder-el-4  el_after_av_heading  el_before_av_one_third   \" style='border-radius:0px; '><section class=\"av_textblock_section \"  itemscope=\"itemscope\" itemtype=\"https:\/\/schema.org\/CreativeWork\" ><div class='avia_textblock  '   itemprop=\"text\" ><p>O ronco \u00e9 um problema social s\u00e9rio, atingindo cerca de 30% das pessoas, alterando a conviv\u00eancia com o c\u00f4njuge ou com os amigos, geralmente tornando a pessoa que ronca alvo de brincadeiras. \u00c9 causado pela vibra\u00e7\u00e3o dos tecidos da garganta em fun\u00e7\u00e3o da turbul\u00eancia do ar \u00e0 medida que as vias a\u00e9reas se estreitam. A obesidade, a respira\u00e7\u00e3o bucal e o uso de cigarro a \u00e1lcool agravam de modo significativo o ronco. Em muitos casos o ronco \u00e9 sintoma de outros problemas, como a S\u00edndrome da Apneia Obstrutiva do Sono, doen\u00e7a grave quando em n\u00edveis mais elevados, pois interfere de modo importante no agravamento de doen\u00e7as que podem causar:<\/p>\n<ul>\n<li>Impacto negativo na qualidade de vida;<\/li>\n<li>Aumento do risco de AVC, infarto, hipertens\u00e3o, diabetes tipo 2 e depress\u00e3o;<\/li>\n<li>Redu\u00e7\u00e3o da capacidade intelectual (pela diminui\u00e7\u00e3o do sono REM);<\/li>\n<li>Sonol\u00eancia diurna (pesquisas comprovam maior n\u00famero de acidentes de tr\u00e2nsito);<\/li>\n<li>Doen\u00e7a periodontal (inflama\u00e7\u00e3o na gengiva com risco de perda dent\u00e1ria).<\/li>\n<\/ul>\n<\/div><\/section><\/div><div class=\"flex_column av_one_third  av-animated-generic right-to-left  flex_column_div av-zero-column-padding   avia-builder-el-6  el_after_av_two_third  el_before_av_heading   \" style='border-radius:0px; '><div class='avia-image-container  av-styling-    avia-builder-el-7  avia-builder-el-no-sibling   avia-align-center '  itemprop=\"image\" itemscope=\"itemscope\" itemtype=\"https:\/\/schema.org\/ImageObject\"  ><div class='avia-image-container-inner'><div class='avia-image-overlay-wrap'><img class='avia_image' src='http:\/\/www.alinek.com.br\/site\/wp-content\/uploads\/2018\/10\/ronco1-1.png' alt='' title='ronco1 (1)' height=\"194\" width=\"300\"  itemprop=\"thumbnailUrl\"  \/><\/div><\/div><\/div><\/div><div style='padding-bottom:10px; ' class='av-special-heading av-special-heading-h4  blockquote modern-quote modern-centered  avia-builder-el-8  el_after_av_one_third  el_before_av_one_third   '><h4 class='av-special-heading-tag '  itemprop=\"headline\"  >Apneia<\/h4><div class='special-heading-border'><div class='special-heading-inner-border' ><\/div><\/div><\/div>\n<div class=\"flex_column av_one_third  av-animated-generic left-to-right  flex_column_div av-zero-column-padding first  avia-builder-el-9  el_after_av_heading  el_before_av_two_third   \" style='border-radius:0px; '><div class='avia-image-container  av-styling-    avia-builder-el-10  avia-builder-el-no-sibling   avia-align-center '  itemprop=\"image\" itemscope=\"itemscope\" itemtype=\"https:\/\/schema.org\/ImageObject\"  ><div class='avia-image-container-inner'><div class='avia-image-overlay-wrap'><img class='avia_image' src='http:\/\/www.alinek.com.br\/site\/wp-content\/uploads\/2018\/10\/ronco1-2.png' alt='' title='ronco1 (2)' height=\"195\" width=\"300\"  itemprop=\"thumbnailUrl\"  \/><\/div><\/div><\/div><\/div><div class=\"flex_column av_two_third  av-animated-generic right-to-left  flex_column_div av-zero-column-padding   avia-builder-el-11  el_after_av_one_third  el_before_av_two_third   \" style='border-radius:0px; '><section class=\"av_textblock_section \"  itemscope=\"itemscope\" itemtype=\"https:\/\/schema.org\/CreativeWork\" ><div class='avia_textblock  '   itemprop=\"text\" ><p>A Apneia do sono \u00e9 a obstru\u00e7\u00e3o das vias a\u00e9reas por alguns momentos durante a noite, pela aproxima\u00e7\u00e3o dos tecidos da garganta, fechando a passagem do ar e impedindo a respira\u00e7\u00e3o por alguns segundos, v\u00e1rias vezes por noite, e o ronco \u00e9 a vibra\u00e7\u00e3o dos tecidos da garganta quando o ar passa. Esses problemas s\u00e3o frequentes no homem a partir dos 30 anos e nas mulheres a partir da menopausa.<\/p>\n<p>O tratamento atrav\u00e9s de aparelhos orais, tem ganhado import\u00e2ncia no tratamento desses problemas, pela facilidade de adapta\u00e7\u00e3o e efic\u00e1cia dos aparelhos, que vem ganhando espa\u00e7o como uma das principais formas de tratamento para estes problemas. Os principais sintomas da apneia do sono s\u00e3o o ronco e a sonol\u00eancia diurna excessiva. Para que seja poss\u00edvel determinar a presen\u00e7a e a severidade da apneia do sono, o paciente deve ser submetido a uma avalia\u00e7\u00e3o polissonogr\u00e1fica (exame em que o paciente dorme uma noite em um laborat\u00f3rio de sono e \u00e9 ent\u00e3o avaliado em tudo o que acontece com ele durante a noite).<\/p>\n<p>Para a indica\u00e7\u00e3o do tratamento adequado, a presen\u00e7a da apneia do sono deve ser determinada e sua severidade quantificada objetivamente, atrav\u00e9s da polissonografia.<b><\/b><\/p>\n<\/div><\/section><\/div><div class=\"flex_column av_two_third  av-animated-generic left-to-right  flex_column_div av-zero-column-padding first  avia-builder-el-13  el_after_av_two_third  el_before_av_one_third   column-top-margin\" style='border-radius:0px; '><section class=\"av_textblock_section \"  itemscope=\"itemscope\" itemtype=\"https:\/\/schema.org\/CreativeWork\" ><div class='avia_textblock  '   itemprop=\"text\" ><p><b>Os aparelhos orais que s\u00e3o placas presas aos dentes, que se articulam entre si avan\u00e7ando a mand\u00edbula e com isso afastam os tecidos da garganta, evitando o ronco e a apneia do sono. De f\u00e1cil adapta\u00e7\u00e3o, s\u00e3o indicados nos casos de ronco prim\u00e1rio (sem apneia) e nas apneias obstrutivas leves e moderadas. Tem sido a alternativa mais conservadora no tratamento do ronco e da apneia do sono. S\u00e3o adaptados por dentistas com conhecimento e treinamento em medicina do sono.<\/b><\/p>\n<p><b>A Dra. Aline Kolling possui forma\u00e7\u00e3o nesta \u00e1rea e realizou seu credenciamento com o Dr. Godolfim:\u00a0<a class=\"texto\" href=\"http:\/\/www.dentistadosono.com.br\/\">www.dentistadosono.com.br<\/a><\/b><\/p>\n<\/div><\/section><\/div><div class=\"flex_column av_one_third  av-animated-generic right-to-left  flex_column_div av-zero-column-padding   avia-builder-el-15  el_after_av_two_third  avia-builder-el-last   column-top-margin\" style='border-radius:0px; '><div class='avia-image-container  av-styling-    avia-builder-el-16  avia-builder-el-no-sibling   avia-align-center '  itemprop=\"image\" itemscope=\"itemscope\" itemtype=\"https:\/\/schema.org\/ImageObject\"  ><div class='avia-image-container-inner'><div class='avia-image-overlay-wrap'><img class='avia_image' src='http:\/\/www.alinek.com.br\/site\/wp-content\/uploads\/2018\/10\/ronco1-3.png' alt='' title='ronco1 (3)' height=\"208\" width=\"300\"  itemprop=\"thumbnailUrl\"  \/><\/div><\/div><\/div><\/div>\n","protected":false},"excerpt":{"rendered":"","protected":false},"author":1,"featured_media":0,"parent":0,"menu_order":0,"comment_status":"closed","ping_status":"closed","template":"","meta":[],"_links":{"self":[{"href":"http:\/\/www.alinek.com.br\/site\/wp-json\/wp\/v2\/pages\/83"}],"collection":[{"href":"http:\/\/www.alinek.com.br\/site\/wp-json\/wp\/v2\/pages"}],"about":[{"href":"http:\/\/www.alinek.com.br\/site\/wp-json\/wp\/v2\/types\/page"}],"author":[{"embeddable":true,"href":"http:\/\/www.alinek.com.br\/site\/wp-json\/wp\/v2\/users\/1"}],"replies":[{"embeddable":true,"href":"http:\/\/www.alinek.com.br\/site\/wp-json\/wp\/v2\/comments?post=83"}],"version-history":[{"count":4,"href":"http:\/\/www.alinek.com.br\/site\/wp-json\/wp\/v2\/pages\/83\/revisions"}],"predecessor-version":[{"id":124,"href":"http:\/\/www.alinek.com.br\/site\/wp-json\/wp\/v2\/pages\/83\/revisions\/124"}],"wp:attachment":[{"href":"http:\/\/www.alinek.com.br\/site\/wp-json\/wp\/v2\/media?parent=83"}],"curies":[{"name":"wp","href":"https:\/\/api.w.org\/{rel}","templated":true}]}}